{"id":634,"date":"2025-04-10T08:29:53","date_gmt":"2025-04-10T06:29:53","guid":{"rendered":"https:\/\/dites.giurisprudenza.uniroma2.it\/?page_id=634"},"modified":"2025-04-10T15:22:36","modified_gmt":"2025-04-10T13:22:36","slug":"esame-finale","status":"publish","type":"page","link":"https:\/\/dites.giurisprudenza.uniroma2.it\/?page_id=634","title":{"rendered":"Esame finale"},"content":{"rendered":"\n<h5 class=\"wp-block-heading has-text-align-left\">La prova finale, alla quale sono attribuiti 8 CFU, consiste in un breve elaborato scritto redatto dallo studente sotto la<br>supervisione di un docente relatore, presentato alla Commissione di esame di laurea, in discussione pubblica, nelle date<br>prestabile dal Dipartimento di Giurisprudenza.<br>L&#8217;elaborato pu\u00f2 essere redatto anche in forma di progetto individuale (teorico e pratico), eventualmente realizzato nel<br>corso di stage individuali o anche in lingua inglese; in tale ultimo caso \u00e8 necessario l&#8217;assenso del docente relatore e la<br>presentazione di una sintesi dell&#8217;elaborato in lingua italiana.<br>All&#8217;elaborato della prova finale \u00e8 attribuito un punteggio da 0 a 8 punti; la commissione esprime la propria valutazione<br>tenendo conto del curriculum completo dello studente, della media ponderata dei voti, delle eventuali lodi e della<br>discussione finale stessa.<br>La votazione finale \u00e8 espressa in centodecimi ed \u00e8 ritenuta positiva quando \u00e8 superiore o uguale a 66 su 110. Al candidato<br>che ottiene il punteggio massimo di 110\/110 la Commissione esaminatrice pu\u00f2 all&#8217;unanimit\u00e0 attribuire la lode.<\/h5>\n","protected":false},"excerpt":{"rendered":"<p>La prova finale, alla quale sono attribuiti 8 CFU, consiste in un breve elaborato scritto redatto dallo studente sotto lasupervisione di un docente relatore, presentato alla Commissione di esame di laurea, in discussione pubblica, nelle dateprestabile dal Dipartimento di Giurisprudenza.L&#8217;elaborato<\/p>\n","protected":false},"author":2,"featured_media":0,"parent":0,"menu_order":0,"comment_status":"closed","ping_status":"closed","template":"","meta":{"footnotes":""},"class_list":["post-634","page","type-page","status-publish","hentry"],"_links":{"self":[{"href":"https:\/\/dites.giurisprudenza.uniroma2.it\/index.php?rest_route=\/wp\/v2\/pages\/634","targetHints":{"allow":["GET"]}}],"collection":[{"href":"https:\/\/dites.giurisprudenza.uniroma2.it\/index.php?rest_route=\/wp\/v2\/pages"}],"about":[{"href":"https:\/\/dites.giurisprudenza.uniroma2.it\/index.php?rest_route=\/wp\/v2\/types\/page"}],"author":[{"embeddable":true,"href":"https:\/\/dites.giurisprudenza.uniroma2.it\/index.php?rest_route=\/wp\/v2\/users\/2"}],"replies":[{"embeddable":true,"href":"https:\/\/dites.giurisprudenza.uniroma2.it\/index.php?rest_route=%2Fwp%2Fv2%2Fcomments&post=634"}],"version-history":[{"count":5,"href":"https:\/\/dites.giurisprudenza.uniroma2.it\/index.php?rest_route=\/wp\/v2\/pages\/634\/revisions"}],"predecessor-version":[{"id":641,"href":"https:\/\/dites.giurisprudenza.uniroma2.it\/index.php?rest_route=\/wp\/v2\/pages\/634\/revisions\/641"}],"wp:attachment":[{"href":"https:\/\/dites.giurisprudenza.uniroma2.it\/index.php?rest_route=%2Fwp%2Fv2%2Fmedia&parent=634"}],"curies":[{"name":"wp","href":"https:\/\/api.w.org\/{rel}","templated":true}]}}