{"id":40,"date":"2024-06-20T12:41:05","date_gmt":"2024-06-20T10:41:05","guid":{"rendered":"https:\/\/www-2024.dites.giurisprudenza.uniroma2.it\/?page_id=40"},"modified":"2026-03-11T15:58:41","modified_gmt":"2026-03-11T14:58:41","slug":"lezioni-ii-semestre","status":"publish","type":"page","link":"https:\/\/dites.giurisprudenza.uniroma2.it\/?page_id=40","title":{"rendered":"Lezioni II semestre"},"content":{"rendered":"\n<h2 class=\"wp-block-heading has-text-align-center\">A.A. 2025-2026<\/h2>\n\n\n\n<p class=\"has-vivid-red-color has-text-color has-link-color wp-elements-ee61e8f22e2b9190a3bc2382b912607b\">Attenzione: I link ai corsi saranno operativi appena i docenti renderanno disponibili gli ambienti didattici<\/p>\n\n\n\n<p><strong>Primo anno<\/strong><\/p>\n\n\n\n<p>Le lezioni del II semestre inizieranno luned\u00ec 23 febbraio 2026<\/p>\n\n\n\n<p>INSEGNAMENTI OBBLIGATORI &#8211; OPZIONALI<\/p>\n\n\n\n<figure class=\"wp-block-table is-style-regular\"><table><thead><tr><th>Insegnamento<\/th><th>Docente<\/th><th>Luned\u00ec<\/th><th>Marted\u00ec<\/th><th>Mercoled\u00ec<\/th><th>Gioved\u00ec<\/th><th>Venerd\u00ec<\/th><\/tr><\/thead><tbody><tr><td><a href=\"https:\/\/e-learning.uniroma2.it\/course\/view.php?id=1392\">Diritto Privato<\/a><br>(inizio 2 marzo)<\/td><td>Benedetta Sirgiovanni<\/td><td>Ore 11.00 \u2013 12.30<br><strong>Ingegneria aula C10<\/strong><\/td><td>Ore 10.00 \u2013 11.30<br><strong>Ingegneria aula C10<\/strong><\/td><td><\/td><td><\/td><td><\/td><\/tr><tr><td><a href=\"https:\/\/e-learning.uniroma2.it\/course\/view.php?id=1393\">Diritto Pubblico<\/a><\/td><td>Marta Mengozzi<\/td><td>Ore 12.30 \u2013 14.00<br><strong>Ingegneria aula C10<\/strong><\/td><td>Ore 11.30 \u2013 13.00<br><strong>Ingegneria aula C10<\/strong><\/td><td><\/td><td><\/td><td><\/td><\/tr><tr><td>Economia Politica<br>(opzionale)<\/td><td>Massimo Giannini<\/td><td><\/td><td>Ore 13.00 \u2013 14.30<br><strong><a href=\"https:\/\/cdl.giurisprudenza.uniroma2.it\/?page_id=38\">Calendario aule &gt;<\/a><\/strong><\/td><td>Ore 13.00 \u2013 14.30<br><strong><a href=\"http:\/\/chrome-extensiohttps:\/\/cdl.giurisprudenza.uniroma2.it\/wp-content\/uploads\/2026\/02\/Orario-lezioni-Giurisprudenza-II-semestre-2025-2026-Tor-Vergata.pdf\"><strong><\/strong><\/a><strong><a href=\"https:\/\/cdl.giurisprudenza.uniroma2.it\/?page_id=38\">Calendario aule &gt;<\/a><\/strong><\/strong><\/td><td>Ore 13.00 \u2013 14.30<br><strong><a href=\"http:\/\/chrome-extensiohttps:\/\/cdl.giurisprudenza.uniroma2.it\/wp-content\/uploads\/2026\/02\/Orario-lezioni-Giurisprudenza-II-semestre-2025-2026-Tor-Vergata.pdf\"><strong><\/strong><\/a><strong><a href=\"https:\/\/cdl.giurisprudenza.uniroma2.it\/?page_id=38\">Calendario aule &gt;<\/a><\/strong><\/strong><\/td><td><\/td><\/tr><tr><td><a href=\"https:\/\/e-learning.uniroma2.it\/course\/view.php?id=1394\">Economia Digitale<\/a><br>(opzionale)<br>(inizio 3 marzo)<\/td><td>Barbara Martini<\/td><td><\/td><td>Ore 14.15 \u2013 16.00<br><strong><strong>Ingegneria aula C10<\/strong><\/strong><\/td><td><\/td><td>Ore 16.00 \u2013 17.30<br><strong><strong>Economia aula <\/strong>003<\/strong><\/td><td><\/td><\/tr><tr><td>Lingua inglese B2 (corso annuale in due semestri)<\/td><td>CLA&nbsp; Diana Axinte<\/td><td><a href=\"https:\/\/docs.google.com\/spreadsheets\/d\/1Iipp_iKou7ZZyfB8vcRFW11z9CQ32Nig\/edit?gid=1232057190#gid=1232057190\">Link<\/a><br><\/td><td><a href=\"https:\/\/docs.google.com\/spreadsheets\/d\/1Iipp_iKou7ZZyfB8vcRFW11z9CQ32Nig\/edit?gid=1232057190#gid=1232057190\">Link<\/a><\/td><td><\/td><td><\/td><td><\/td><\/tr><\/tbody><\/table><figcaption class=\"wp-element-caption\">L\u2019aula \u00e8 sita presso la Macroarea di Ingegneria, Viale degli ingegneri \u2013 00133 Roma<\/figcaption><\/figure>\n\n\n\n<p><strong>Secondo anno<\/strong><\/p>\n\n\n\n<div style=\"height:50px\" aria-hidden=\"true\" class=\"wp-block-spacer\"><\/div>\n\n\n\n<figure class=\"wp-block-table\"><table><thead><tr><th>Insegnamento<\/th><th>Docente<\/th><th>Luned\u00ec<\/th><th>Marted\u00ec<\/th><th>Mercoled\u00ec<\/th><th>Gioved\u00ec<\/th><th>Venerd\u00ec<\/th><\/tr><\/thead><tbody><tr><td><a href=\"https:\/\/e-learning.uniroma2.it\/course\/view.php?id=1495\">Diritto dei trasporti e delle nuove tecnologie<\/a><br>(inizio 24 febbraio)<\/td><td>Elisabetta Rosafio<\/td><td>9.00-10.30<br><strong>Ingegneria Aula C9<\/strong><\/td><td>9.00-10.30<br><strong>Ingegneria Aula C9<\/strong><\/td><td><\/td><td><\/td><td><\/td><\/tr><tr><td><a href=\"https:\/\/e-learning.uniroma2.it\/course\/view.php?id=1493\">Diritto penale (PA)<\/a><\/td><td>Alessandro Roiati<\/td><td>11.00-12.30<br><strong>Ingegneria Aula C9<\/strong><\/td><td>11.00-12.30<br><strong>Ingegneria Aula C9<\/strong><\/td><td><\/td><td><\/td><td><\/td><\/tr><tr><td><a href=\"https:\/\/e-learning.uniroma2.it\/course\/view.php?id=1490\">Diritto dell\u2019impresa e della sostenibilit\u00e0 (I)<\/a><\/td><td>Lorenza Furgiuele<\/td><td>13.00-14.30<br><strong>Ingegneria Aula C9<\/strong><\/td><td>13.00-14.30<br><strong>Ingegneria Aula C9<\/strong><\/td><td><\/td><td><\/td><td><\/td><\/tr><tr><td><a href=\"https:\/\/e-learning.uniroma2.it\/course\/view.php?id=1488\">Diritto amministrativo (PA)<\/a><\/td><td>Maurizia De Bellis<\/td><td>14.30-16.00<br><strong>Ingegneria Aula C 10<\/strong><\/td><td>14.30-16.00<br><strong>Ingegneria Aula C9<\/strong><\/td><td><\/td><td><\/td><td><\/td><\/tr><tr><td><a href=\"https:\/\/e-learning.uniroma2.it\/course\/view.php?id=1489\">Diritto dei lavori e delle relazioni industriali (I)<\/a><\/td><td>Pietro Pozzaglia<\/td><td>15.00-17.00<br><strong>Ingegneria Aula C9<\/strong><\/td><td>18.00-19.00<br><strong>Economia Aula T2<\/strong><\/td><td><\/td><td><\/td><td><\/td><\/tr><tr><td>Gestione dell\u2019innovazione e dei progetti<br>(inizio 3 marzo)<\/td><td>Vito Introna<\/td><td><\/td><td>16.00-17.45<br><strong>Ingegneria Aula B4<\/strong><br><\/td><td>11.30-13.00<br><strong>Ingegneria Aula B1<\/strong><\/td><td><\/td><td><\/td><\/tr><\/tbody><\/table><\/figure>\n","protected":false},"excerpt":{"rendered":"<p>A.A. 2025-2026 Attenzione: I link ai corsi saranno operativi appena i docenti renderanno disponibili gli ambienti didattici Primo anno Le lezioni del II semestre inizieranno luned\u00ec 23 febbraio 2026 INSEGNAMENTI OBBLIGATORI &#8211; OPZIONALI Insegnamento Docente Luned\u00ec Marted\u00ec Mercoled\u00ec Gioved\u00ec Venerd\u00ec<\/p>\n","protected":false},"author":2,"featured_media":0,"parent":0,"menu_order":0,"comment_status":"closed","ping_status":"closed","template":"","meta":{"footnotes":""},"class_list":["post-40","page","type-page","status-publish","hentry"],"_links":{"self":[{"href":"https:\/\/dites.giurisprudenza.uniroma2.it\/index.php?rest_route=\/wp\/v2\/pages\/40","targetHints":{"allow":["GET"]}}],"collection":[{"href":"https:\/\/dites.giurisprudenza.uniroma2.it\/index.php?rest_route=\/wp\/v2\/pages"}],"about":[{"href":"https:\/\/dites.giurisprudenza.uniroma2.it\/index.php?rest_route=\/wp\/v2\/types\/page"}],"author":[{"embeddable":true,"href":"https:\/\/dites.giurisprudenza.uniroma2.it\/index.php?rest_route=\/wp\/v2\/users\/2"}],"replies":[{"embeddable":true,"href":"https:\/\/dites.giurisprudenza.uniroma2.it\/index.php?rest_route=%2Fwp%2Fv2%2Fcomments&post=40"}],"version-history":[{"count":29,"href":"https:\/\/dites.giurisprudenza.uniroma2.it\/index.php?rest_route=\/wp\/v2\/pages\/40\/revisions"}],"predecessor-version":[{"id":1079,"href":"https:\/\/dites.giurisprudenza.uniroma2.it\/index.php?rest_route=\/wp\/v2\/pages\/40\/revisions\/1079"}],"wp:attachment":[{"href":"https:\/\/dites.giurisprudenza.uniroma2.it\/index.php?rest_route=%2Fwp%2Fv2%2Fmedia&parent=40"}],"curies":[{"name":"wp","href":"https:\/\/api.w.org\/{rel}","templated":true}]}}